{"id":482,"date":"2025-06-07T10:10:25","date_gmt":"2025-06-07T10:10:25","guid":{"rendered":"https:\/\/enotch2025.enoturismochile.cl\/?page_id=482"},"modified":"2025-06-11T12:51:36","modified_gmt":"2025-06-11T12:51:36","slug":"valle-del-huasco","status":"publish","type":"page","link":"https:\/\/enotch2025.enoturismochile.cl\/index.php\/valle-del-huasco\/","title":{"rendered":"Valle del Huasco"},"content":{"rendered":"\t\t<div data-elementor-type=\"wp-page\" data-elementor-id=\"482\" class=\"elementor elementor-482\" data-elementor-post-type=\"page\">\n\t\t\t\t<div class=\"elementor-element elementor-element-bc110f8 e-con-full e-flex e-con e-parent\" data-id=\"bc110f8\" data-element_type=\"container\">\n\t\t<div class=\"elementor-element elementor-element-cb53d3c e-con-full e-flex e-con e-child\" data-id=\"cb53d3c\" data-element_type=\"container\">\n\t\t<div class=\"elementor-element elementor-element-41e4bd5 e-con-full e-flex e-con e-child\" data-id=\"41e4bd5\" data-element_type=\"container\">\n\t\t\t\t<div class=\"elementor-element elementor-element-c43b91a titulo-seccion-circulos grande elementor-widget elementor-widget-text-editor\" data-id=\"c43b91a\" data-element_type=\"widget\" data-widget_type=\"text-editor.default\">\n\t\t\t\t<div class=\"elementor-widget-container\">\n\t\t\t\t\t\t\t\t\t<h1>valle<br \/>del<br \/>huasco<\/h1><p><img decoding=\"async\" class=\"alignnone wp-image-139\" src=\"https:\/\/enotch2025.enoturismochile.cl\/wp-content\/uploads\/2025\/06\/circulos-xs-colores.svg\" alt=\"\" width=\"221\" height=\"15\" \/><\/p><p>El valle del Huasco es el m\u00e1s meridional de los valles vitivin\u00edcolas con oferta tur\u00edstica, y uno de los m\u00e1s grandes del pa\u00eds, ubicado en la regi\u00f3n de Atacama. Su acceso al desierto no polar m\u00e1s \u00e1rido del mundo, a parques naturales, plantaciones de olivos y su vasta riqueza cultural, hacen que se trate de un destino imperdible para nacionales y extranjeros.<\/p><p>El terru\u00f1o de la zona, adem\u00e1s de sus conocidos piscos, ha convertido la producci\u00f3n de pajarete en la marca de la casa, uno de los pocos vinos con Denominaci\u00f3n de Origen en Chile, cuyo origen registrado data de finales del siglo XVIII. Debido a la creciente afluencia de turistas, una agrupaci\u00f3n de vi\u00f1as de la zona ha iniciado esfuerzos para establecer una red de oferta de actividades al visitante en unos de los valles m\u00e1s grandes del pa\u00eds.<\/p>\t\t\t\t\t\t\t\t<\/div>\n\t\t\t\t<\/div>\n\t\t\t\t<div class=\"elementor-element elementor-element-c8d69ed elementor-widget elementor-widget-button\" data-id=\"c8d69ed\" data-element_type=\"widget\" data-widget_type=\"button.default\">\n\t\t\t\t<div class=\"elementor-widget-container\">\n\t\t\t\t\t\t\t\t\t<div class=\"elementor-button-wrapper\">\n\t\t\t\t\t<a class=\"elementor-button elementor-button-link elementor-size-sm\" href=\"#\">\n\t\t\t\t\t\t<span class=\"elementor-button-content-wrapper\">\n\t\t\t\t\t\t\t\t\t<span class=\"elementor-button-text\">vi\u00f1as abiertas al turismo<\/span>\n\t\t\t\t\t<\/span>\n\t\t\t\t\t<\/a>\n\t\t\t\t<\/div>\n\t\t\t\t\t\t\t\t<\/div>\n\t\t\t\t<\/div>\n\t\t\t\t<\/div>\n\t\t\t\t<\/div>\n\t\t<div class=\"elementor-element elementor-element-107adcc e-con-full e-flex e-con e-child\" data-id=\"107adcc\" data-element_type=\"container\">\n\t\t<div class=\"elementor-element elementor-element-bd4d716 e-con-full e-flex e-con e-child\" data-id=\"bd4d716\" data-element_type=\"container\">\n\t\t\t\t<div class=\"elementor-element elementor-element-4e1436d elementor-pagination-position-inside elementor-widget elementor-widget-image-carousel\" data-id=\"4e1436d\" data-element_type=\"widget\" data-settings=\"{&quot;slides_to_show&quot;:&quot;1&quot;,&quot;navigation&quot;:&quot;dots&quot;,&quot;autoplay&quot;:&quot;yes&quot;,&quot;pause_on_interaction&quot;:&quot;yes&quot;,&quot;autoplay_speed&quot;:5000,&quot;infinite&quot;:&quot;yes&quot;,&quot;effect&quot;:&quot;slide&quot;,&quot;speed&quot;:500}\" data-widget_type=\"image-carousel.default\">\n\t\t\t\t<div class=\"elementor-widget-container\">\n\t\t\t\t\t\t\t<div class=\"elementor-image-carousel-wrapper swiper\" role=\"region\" aria-roledescription=\"carousel\" aria-label=\"Carrusel de im\u00e1genes\" dir=\"ltr\">\n\t\t\t<div class=\"elementor-image-carousel swiper-wrapper\" aria-live=\"off\">\n\t\t\t\t\t\t\t\t<div class=\"swiper-slide\" role=\"group\" aria-roledescription=\"slide\" aria-label=\"1 de 3\"><figure class=\"swiper-slide-inner\"><img decoding=\"async\" class=\"swiper-slide-image\" src=\"https:\/\/enotch2025.enoturismochile.cl\/wp-content\/uploads\/elementor\/thumbs\/Huasco-web-3-ok-r6yceeeghzhptx6s2h8o9xxcui59sc80rupjzktueg.jpg\" alt=\"Huasco-web-3-ok\" \/><\/figure><\/div><div class=\"swiper-slide\" role=\"group\" aria-roledescription=\"slide\" aria-label=\"2 de 3\"><figure class=\"swiper-slide-inner\"><img decoding=\"async\" class=\"swiper-slide-image\" src=\"https:\/\/enotch2025.enoturismochile.cl\/wp-content\/uploads\/elementor\/thumbs\/Huasco-web-4-ok-r6ycefcaotj05j5ewznaufotfw0n01br3zd1gusg88.jpg\" alt=\"Huasco-web-4-ok\" \/><\/figure><\/div><div class=\"swiper-slide\" role=\"group\" aria-roledescription=\"slide\" aria-label=\"3 de 3\"><figure class=\"swiper-slide-inner\"><img decoding=\"async\" class=\"swiper-slide-image\" src=\"https:\/\/enotch2025.enoturismochile.cl\/wp-content\/uploads\/elementor\/thumbs\/Huasco-web-5-ok-r6ycega4vnkah541ri1xexga19w07qfhg40iy4r220.jpg\" alt=\"Huasco-web-5-ok\" \/><\/figure><\/div>\t\t\t<\/div>\n\t\t\t\t\t\t\t\n\t\t\t\t\t\t\t\t\t<div class=\"swiper-pagination\"><\/div>\n\t\t\t\t\t\t\t\t\t<\/div>\n\t\t\t\t\t\t<\/div>\n\t\t\t\t<\/div>\n\t\t\t\t<div class=\"elementor-element elementor-element-2047383 elementor-absolute elementor-widget elementor-widget-image\" data-id=\"2047383\" data-element_type=\"widget\" data-settings=\"{&quot;_position&quot;:&quot;absolute&quot;}\" data-widget_type=\"image.default\">\n\t\t\t\t<div class=\"elementor-widget-container\">\n\t\t\t\t\t\t\t\t\t\t\t\t\t\t\t<img fetchpriority=\"high\" decoding=\"async\" width=\"366\" height=\"366\" src=\"https:\/\/enotch2025.enoturismochile.cl\/wp-content\/uploads\/2025\/06\/circulo.png\" class=\"attachment-large size-large wp-image-500\" alt=\"\" srcset=\"https:\/\/enotch2025.enoturismochile.cl\/wp-content\/uploads\/2025\/06\/circulo.png 366w, https:\/\/enotch2025.enoturismochile.cl\/wp-content\/uploads\/2025\/06\/circulo-300x300.png 300w, https:\/\/enotch2025.enoturismochile.cl\/wp-content\/uploads\/2025\/06\/circulo-150x150.png 150w\" sizes=\"(max-width: 366px) 100vw, 366px\" \/>\t\t\t\t\t\t\t\t\t\t\t\t\t\t\t<\/div>\n\t\t\t\t<\/div>\n\t\t\t\t<\/div>\n\t\t<div class=\"elementor-element elementor-element-897899c e-con-full e-flex e-con e-child\" data-id=\"897899c\" data-element_type=\"container\">\n\t\t\t\t<div class=\"elementor-element elementor-element-5a434fc cepas-predominantes elementor-widget elementor-widget-text-editor\" data-id=\"5a434fc\" data-element_type=\"widget\" data-widget_type=\"text-editor.default\">\n\t\t\t\t<div class=\"elementor-widget-container\">\n\t\t\t\t\t\t\t\t\t<h3>cepas<strong>predominantes<\/strong><\/h3><ul><li>carmenere<\/li><li>cabernet <br \/>sauvignon<\/li><li>carmenere<\/li><\/ul>\t\t\t\t\t\t\t\t<\/div>\n\t\t\t\t<\/div>\n\t\t\t\t<div class=\"elementor-element elementor-element-55af9dc elementor-position-right vinas-abiertas elementor-vertical-align-top elementor-widget elementor-widget-image-box\" data-id=\"55af9dc\" data-element_type=\"widget\" data-widget_type=\"image-box.default\">\n\t\t\t\t<div class=\"elementor-widget-container\">\n\t\t\t\t\t<div class=\"elementor-image-box-wrapper\"><figure class=\"elementor-image-box-img\"><img decoding=\"async\" width=\"84\" height=\"103\" src=\"https:\/\/enotch2025.enoturismochile.cl\/wp-content\/uploads\/2025\/06\/uvas-cafe2.svg\" class=\"attachment-full size-full wp-image-506\" alt=\"\" \/><\/figure><div class=\"elementor-image-box-content\"><h3 class=\"elementor-image-box-title\">+10<br> vi\u00f1as<\/h3><p class=\"elementor-image-box-description\">abiertas al turismo<\/p><\/div><\/div>\t\t\t\t<\/div>\n\t\t\t\t<\/div>\n\t\t\t\t<\/div>\n\t\t\t\t<\/div>\n\t\t\t\t<\/div>\n\t\t<div class=\"elementor-element elementor-element-bfa97e7 e-con-full e-flex e-con e-parent\" data-id=\"bfa97e7\" data-element_type=\"container\">\n\t\t<div class=\"elementor-element elementor-element-17f193a e-con-full e-flex e-con e-child\" data-id=\"17f193a\" data-element_type=\"container\" data-settings=\"{&quot;background_background&quot;:&quot;classic&quot;}\">\n\t\t<div class=\"elementor-element elementor-element-39fdd95 e-con-full e-flex e-con e-child\" data-id=\"39fdd95\" data-element_type=\"container\">\n\t\t\t\t<div class=\"elementor-element elementor-element-6af33c8 txt-asociaciones elementor-widget elementor-widget-text-editor\" data-id=\"6af33c8\" data-element_type=\"widget\" data-widget_type=\"text-editor.default\">\n\t\t\t\t<div class=\"elementor-widget-container\">\n\t\t\t\t\t\t\t\t\t<h3>asociaciones<br \/><strong>del vino<\/strong><\/h3><p>es el m\u00e1s meridional de los valles vitivin\u00edcolas con oferta tur\u00edstica, y uno de los m\u00e1s grandes del pa\u00eds, ubicado en la regi\u00f3n de Atacama.<\/p>\t\t\t\t\t\t\t\t<\/div>\n\t\t\t\t<\/div>\n\t\t\t\t<\/div>\n\t\t\t\t<\/div>\n\t\t<div class=\"elementor-element elementor-element-501db20 e-con-full e-flex e-con e-child\" data-id=\"501db20\" data-element_type=\"container\">\n\t\t\t\t<div class=\"elementor-element elementor-element-e11ec1b elementor-widget elementor-widget-image\" data-id=\"e11ec1b\" data-element_type=\"widget\" data-widget_type=\"image.default\">\n\t\t\t\t<div class=\"elementor-widget-container\">\n\t\t\t\t\t\t\t\t\t\t\t\t\t\t\t<img loading=\"lazy\" decoding=\"async\" width=\"500\" height=\"500\" src=\"https:\/\/enotch2025.enoturismochile.cl\/wp-content\/uploads\/2025\/06\/ADL-movi.jpg\" class=\"attachment-large size-large wp-image-511\" alt=\"\" srcset=\"https:\/\/enotch2025.enoturismochile.cl\/wp-content\/uploads\/2025\/06\/ADL-movi.jpg 500w, https:\/\/enotch2025.enoturismochile.cl\/wp-content\/uploads\/2025\/06\/ADL-movi-300x300.jpg 300w, https:\/\/enotch2025.enoturismochile.cl\/wp-content\/uploads\/2025\/06\/ADL-movi-150x150.jpg 150w\" sizes=\"(max-width: 500px) 100vw, 500px\" \/>\t\t\t\t\t\t\t\t\t\t\t\t\t\t\t<\/div>\n\t\t\t\t<\/div>\n\t\t\t\t<\/div>\n\t\t\t\t<\/div>\n\t\t\t\t<\/div>\n\t\t","protected":false},"excerpt":{"rendered":"<p>valledelhuasco El valle del Huasco es el m\u00e1s meridional de los valles vitivin\u00edcolas con oferta tur\u00edstica, y uno de los m\u00e1s grandes del pa\u00eds, ubicado en la regi\u00f3n de Atacama. Su acceso al desierto no polar m\u00e1s \u00e1rido del mundo, a parques naturales, plantaciones de olivos y su vasta riqueza cultural, hacen que se trate [&hellip;]<\/p>\n","protected":false},"author":1,"featured_media":0,"parent":0,"menu_order":0,"comment_status":"closed","ping_status":"closed","template":"","meta":{"inline_featured_image":false,"footnotes":""},"class_list":["post-482","page","type-page","status-publish","hentry"],"_links":{"self":[{"href":"https:\/\/enotch2025.enoturismochile.cl\/index.php\/wp-json\/wp\/v2\/pages\/482","targetHints":{"allow":["GET"]}}],"collection":[{"href":"https:\/\/enotch2025.enoturismochile.cl\/index.php\/wp-json\/wp\/v2\/pages"}],"about":[{"href":"https:\/\/enotch2025.enoturismochile.cl\/index.php\/wp-json\/wp\/v2\/types\/page"}],"author":[{"embeddable":true,"href":"https:\/\/enotch2025.enoturismochile.cl\/index.php\/wp-json\/wp\/v2\/users\/1"}],"replies":[{"embeddable":true,"href":"https:\/\/enotch2025.enoturismochile.cl\/index.php\/wp-json\/wp\/v2\/comments?post=482"}],"version-history":[{"count":223,"href":"https:\/\/enotch2025.enoturismochile.cl\/index.php\/wp-json\/wp\/v2\/pages\/482\/revisions"}],"predecessor-version":[{"id":1798,"href":"https:\/\/enotch2025.enoturismochile.cl\/index.php\/wp-json\/wp\/v2\/pages\/482\/revisions\/1798"}],"wp:attachment":[{"href":"https:\/\/enotch2025.enoturismochile.cl\/index.php\/wp-json\/wp\/v2\/media?parent=482"}],"curies":[{"name":"wp","href":"https:\/\/api.w.org\/{rel}","templated":true}]}}